{"id":29136,"date":"2024-02-12T13:31:26","date_gmt":"2024-02-12T13:31:26","guid":{"rendered":"https:\/\/theme-dev.cmsmasters.net\/dental-clone\/?page_id=29136"},"modified":"2026-03-31T17:35:57","modified_gmt":"2026-03-31T16:35:57","slug":"servicos","status":"publish","type":"page","link":"https:\/\/healthandbeautylab.eu\/pt\/services\/","title":{"rendered":"Servi\u00e7os"},"content":{"rendered":"\t\t<div data-elementor-type=\"wp-page\" data-elementor-id=\"29136\" class=\"elementor elementor-29136\" data-elementor-post-type=\"page\">\n\t\t\t\t<div class=\"elementor-element elementor-element-2cb0291 cmsmasters-section-for-header-yes e-con-full e-flex cmsmasters-bg-hide-none cmsmasters-bg-hide-none cmsmasters-block-default e-con e-parent\" data-id=\"2cb0291\" data-element_type=\"container\" data-e-type=\"container\" data-settings=\"{&quot;background_background&quot;:&quot;classic&quot;}\">\n\t\t\t\t<div class=\"elementor-element elementor-element-950c752 cmsmasters-block-default cmsmasters-sticky-default elementor-widget elementor-widget-heading\" data-id=\"950c752\" data-element_type=\"widget\" data-e-type=\"widget\" data-widget_type=\"heading.default\">\n\t\t\t\t\t<h1 class=\"elementor-heading-title elementor-size-default\">Price Guide<\/h1>\t\t\t\t<\/div>\n\t\t\t\t<div class=\"elementor-element elementor-element-50e3dfd cmsmasters-block-default cmsmasters-sticky-default elementor-widget elementor-widget-text-editor\" data-id=\"50e3dfd\" data-element_type=\"widget\" data-e-type=\"widget\" data-widget_type=\"text-editor.default\">\n\t\t\t\t\t\t\t\t\t<p>Discover our consultation-led approach to non-surgical aesthetics and manual therapy. At Health &amp; Beauty Lab in London, we offer personalised plans for facial rejuvenation, skin quality and wellbeing\u2014designed to enhance natural features with subtle, balanced results.<\/p>\t\t\t\t\t\t\t\t<\/div>\n\t\t\t\t<\/div>\n\t\t<div class=\"elementor-element elementor-element-8d923b3 e-flex e-con-boxed cmsmasters-block-default e-con e-parent\" data-id=\"8d923b3\" data-element_type=\"container\" data-e-type=\"container\">\n\t\t\t\t\t<div class=\"e-con-inner\">\n\t\t\t\t\t<\/div>\n\t\t\t\t<\/div>\n\t\t<section class=\"elementor-element elementor-element-cf50143 e-flex e-con-boxed cmsmasters-block-default e-con e-parent\" data-id=\"cf50143\" data-element_type=\"container\" data-e-type=\"container\">\n\t\t\t\t\t<div class=\"e-con-inner\">\n\t\t\t\t<div class=\"elementor-element elementor-element-cbe7a41 cmsmasters-block-default cmsmasters-sticky-default elementor-widget elementor-widget-heading\" data-id=\"cbe7a41\" data-element_type=\"widget\" data-e-type=\"widget\" data-widget_type=\"heading.default\">\n\t\t\t\t\t<h2 class=\"elementor-heading-title elementor-size-default\">Integrated care<\/h2>\t\t\t\t<\/div>\n\t\t\t\t\t<\/div>\n\t\t\t\t<\/section>\n\t\t<div class=\"elementor-element elementor-element-ce7e862 e-flex e-con-boxed cmsmasters-block-default e-con e-parent\" data-id=\"ce7e862\" data-element_type=\"container\" data-e-type=\"container\">\n\t\t\t\t\t<div class=\"e-con-inner\">\n\t\t<div class=\"elementor-element elementor-element-6f59780 e-con-full e-flex cmsmasters-block-default e-con e-child\" data-id=\"6f59780\" data-element_type=\"container\" data-e-type=\"container\" data-settings=\"{&quot;background_background&quot;:&quot;classic&quot;}\">\n\t\t\t\t<div class=\"elementor-element elementor-element-5352d93 cmsmasters-block-default cmsmasters-sticky-default elementor-widget elementor-widget-heading\" data-id=\"5352d93\" data-element_type=\"widget\" data-e-type=\"widget\" data-widget_type=\"heading.default\">\n\t\t\t\t\t<h2 class=\"elementor-heading-title elementor-size-default\">Free Consultation<\/h2>\t\t\t\t<\/div>\n\t\t\t\t<div class=\"elementor-element elementor-element-8962216 cmsmasters-block-default cmsmasters-sticky-default elementor-widget elementor-widget-heading\" data-id=\"8962216\" data-element_type=\"widget\" data-e-type=\"widget\" data-widget_type=\"heading.default\">\n\t\t\t\t\t<h2 class=\"elementor-heading-title elementor-size-default\">Book Your Appointment Online<\/h2>\t\t\t\t<\/div>\n\t\t\t\t<div class=\"elementor-element elementor-element-c016723 cmsmasters-block-default cmsmasters-sticky-default elementor-widget elementor-widget-text-editor\" data-id=\"c016723\" data-element_type=\"widget\" data-e-type=\"widget\" data-widget_type=\"text-editor.default\">\n\t\t\t\t\t\t\t\t\t<p>Use our online booking system to select your treatment and preferred time. If you\u2019re unsure what to choose, start with a free consultation and we\u2019ll guide you to the best option for your goals.<\/p>\t\t\t\t\t\t\t\t<\/div>\n\t\t\t\t<div class=\"elementor-element elementor-element-a2b42a8 cmsmasters-block-default cmsmasters-sticky-default elementor-widget elementor-widget-stepbooking\" data-id=\"a2b42a8\" data-element_type=\"widget\" data-e-type=\"widget\" data-widget_type=\"stepbooking.default\">\n\t\t\t\t<div class=\"elementor-widget-container\">\n\t\t\t\t\t\n<script>\n  if (typeof hasAmeliaEntitiesApiCall === 'undefined' && ('book' === '' && '1' !== '1')) {\n    var hasAmeliaEntitiesApiCall = true;\n  }\n  var ameliaShortcodeData = (typeof ameliaShortcodeData === 'undefined') ? [] : ameliaShortcodeData;\n  ameliaShortcodeData.push(\n    {\n      'hasApiCall': (typeof hasAmeliaEntitiesApiCall !== 'undefined') && hasAmeliaEntitiesApiCall,\n      'trigger': 'book',\n      'trigger_type': 'id',\n      'triggered_form': 'sbsNew',\n      'in_dialog': '1',\n      'show': '',\n      'counter': '1000',\n      'category': '',\n      'service': '',\n      'employee': '',\n      'location': '',\n      'package': '',\n      'layout': '2',\n    }\n  );\n\n  var ameliaShortcodeDataTriggered = (typeof ameliaShortcodeDataTriggered === 'undefined') ? [] : ameliaShortcodeDataTriggered;\n  if (ameliaShortcodeData[ameliaShortcodeData.length - 1].trigger !== '') {\n    if (ameliaShortcodeDataTriggered.filter(a => a.counter === ameliaShortcodeData[ameliaShortcodeData.length - 1].counter).length === 0) {\n      ameliaShortcodeDataTriggered.push(ameliaShortcodeData.pop());\n    } else {\n      ameliaShortcodeData.pop()\n    }\n  }\n  if (typeof hasAmeliaEntitiesApiCall !== 'undefined' && hasAmeliaEntitiesApiCall) {\n    hasAmeliaEntitiesApiCall = false;\n  }\n<\/script>\n\n<div\n  id=\"amelia-v2-booking-1000\"\n  class=\"amelia-v2-booking amelia-skip-load amelia-skip-load-1000\"\n >\n    <dialog-forms><\/dialog-forms><\/div>\n\t\t\t\t<\/div>\n\t\t\t\t<\/div>\n\t\t\t\t<\/div>\n\t\t\t\t\t<\/div>\n\t\t\t\t<\/div>\n\t\t<div class=\"elementor-element elementor-element-f5f0ca3 e-flex e-con-boxed cmsmasters-block-default e-con e-parent\" data-id=\"f5f0ca3\" data-element_type=\"container\" data-e-type=\"container\">\n\t\t\t\t\t<div class=\"e-con-inner\">\n\t\t\t\t<div class=\"elementor-element elementor-element-467c7a6 cmsmasters-block-default cmsmasters-sticky-default elementor-widget elementor-widget-stepbooking\" data-id=\"467c7a6\" data-element_type=\"widget\" data-e-type=\"widget\" data-widget_type=\"stepbooking.default\">\n\t\t\t\t<div class=\"elementor-widget-container\">\n\t\t\t\t\t\n<script>\n  if (typeof hasAmeliaEntitiesApiCall === 'undefined' && ('' === '' && '' !== '1')) {\n    var hasAmeliaEntitiesApiCall = true;\n  }\n  var ameliaShortcodeData = (typeof ameliaShortcodeData === 'undefined') ? [] : ameliaShortcodeData;\n  ameliaShortcodeData.push(\n    {\n      'hasApiCall': (typeof hasAmeliaEntitiesApiCall !== 'undefined') && hasAmeliaEntitiesApiCall,\n      'trigger': '',\n      'trigger_type': '',\n      'triggered_form': 'sbsNew',\n      'in_dialog': '',\n      'show': '',\n      'counter': '1001',\n      'category': '',\n      'service': '',\n      'employee': '',\n      'location': '',\n      'package': '',\n      'layout': '1',\n    }\n  );\n\n  var ameliaShortcodeDataTriggered = (typeof ameliaShortcodeDataTriggered === 'undefined') ? [] : ameliaShortcodeDataTriggered;\n  if (ameliaShortcodeData[ameliaShortcodeData.length - 1].trigger !== '') {\n    if (ameliaShortcodeDataTriggered.filter(a => a.counter === ameliaShortcodeData[ameliaShortcodeData.length - 1].counter).length === 0) {\n      ameliaShortcodeDataTriggered.push(ameliaShortcodeData.pop());\n    } else {\n      ameliaShortcodeData.pop()\n    }\n  }\n  if (typeof hasAmeliaEntitiesApiCall !== 'undefined' && hasAmeliaEntitiesApiCall) {\n    hasAmeliaEntitiesApiCall = false;\n  }\n<\/script>\n\n<div\n  id=\"amelia-v2-booking-1001\"\n  class=\"amelia-v2-booking\"\n >\n    <step-form-wrapper><\/step-form-wrapper><\/div>\n\t\t\t\t<\/div>\n\t\t\t\t<\/div>\n\t\t\t\t\t<\/div>\n\t\t\t\t<\/div>\n\t\t\t\t<\/div>\n\t\t","protected":false},"excerpt":{"rendered":"<p>Price Guide Discover our consultation-led approach to non-surgical aesthetics and manual therapy. At Health &amp; Beauty Lab in London, we offer personalised plans for facial rejuvenation, skin quality and wellbeing\u2014designed to enhance natural features with subtle, balanced results. Integrated care Free Consultation Book Your Appointment Online Use our online booking system to select your treatment&#8230;<\/p>","protected":false},"author":1,"featured_media":32607,"parent":0,"menu_order":0,"comment_status":"closed","ping_status":"closed","template":"","meta":{"_acf_changed":false,"footnotes":""},"class_list":["post-29136","page","type-page","status-publish","has-post-thumbnail","hentry"],"acf":[],"yoast_head":"<!-- This site is optimized with the Yoast SEO plugin v27.3 - https:\/\/yoast.com\/product\/yoast-seo-wordpress\/ -->\n<title>Treatments in London | Health &amp; Beauty Lab<\/title>\n<meta name=\"description\" content=\"Explore non-surgical aesthetic treatments in London: anti-wrinkle injections, dermal fillers, skin boosters, osteopathy and more. Book online.\" \/>\n<meta name=\"robots\" content=\"index, follow, max-snippet:-1, max-image-preview:large, max-video-preview:-1\" \/>\n<link rel=\"canonical\" href=\"https:\/\/healthandbeautylab.eu\/pt\/servicos\/\" \/>\n<meta property=\"og:locale\" content=\"pt_PT\" \/>\n<meta property=\"og:type\" content=\"article\" \/>\n<meta property=\"og:title\" content=\"Treatments in London | Health &amp; Beauty Lab\" \/>\n<meta property=\"og:description\" content=\"Explore non-surgical aesthetic treatments in London: anti-wrinkle injections, dermal fillers, skin boosters, osteopathy and more. Book online.\" \/>\n<meta property=\"og:url\" content=\"https:\/\/healthandbeautylab.eu\/pt\/servicos\/\" \/>\n<meta property=\"og:site_name\" content=\"Health &amp; Beauty Lab\" \/>\n<meta property=\"article:modified_time\" content=\"2026-03-31T16:35:57+00:00\" \/>\n<meta property=\"og:image\" content=\"https:\/\/healthandbeautylab.eu\/wp-content\/uploads\/2025\/12\/health-and-beauty-lab-banner.jpg\" \/>\n\t<meta property=\"og:image:width\" content=\"1920\" \/>\n\t<meta property=\"og:image:height\" content=\"1042\" \/>\n\t<meta property=\"og:image:type\" content=\"image\/jpeg\" \/>\n<meta name=\"twitter:card\" content=\"summary_large_image\" \/>\n<meta name=\"twitter:label1\" content=\"Tempo estimado de leitura\" \/>\n\t<meta name=\"twitter:data1\" content=\"1 minuto\" \/>\n<script type=\"application\/ld+json\" class=\"yoast-schema-graph\">{\"@context\":\"https:\\\/\\\/schema.org\",\"@graph\":[{\"@type\":\"WebPage\",\"@id\":\"https:\\\/\\\/healthandbeautylab.eu\\\/services\\\/\",\"url\":\"https:\\\/\\\/healthandbeautylab.eu\\\/services\\\/\",\"name\":\"Treatments in London | Health & Beauty Lab\",\"isPartOf\":{\"@id\":\"https:\\\/\\\/healthandbeautylab.eu\\\/#website\"},\"primaryImageOfPage\":{\"@id\":\"https:\\\/\\\/healthandbeautylab.eu\\\/services\\\/#primaryimage\"},\"image\":{\"@id\":\"https:\\\/\\\/healthandbeautylab.eu\\\/services\\\/#primaryimage\"},\"thumbnailUrl\":\"https:\\\/\\\/healthandbeautylab.eu\\\/wp-content\\\/uploads\\\/2025\\\/12\\\/health-and-beauty-lab-banner.jpg\",\"datePublished\":\"2024-02-12T13:31:26+00:00\",\"dateModified\":\"2026-03-31T16:35:57+00:00\",\"description\":\"Explore non-surgical aesthetic treatments in London: anti-wrinkle injections, dermal fillers, skin boosters, osteopathy and more. Book online.\",\"breadcrumb\":{\"@id\":\"https:\\\/\\\/healthandbeautylab.eu\\\/services\\\/#breadcrumb\"},\"inLanguage\":\"pt-PT\",\"potentialAction\":[{\"@type\":\"ReadAction\",\"target\":[\"https:\\\/\\\/healthandbeautylab.eu\\\/services\\\/\"]}]},{\"@type\":\"ImageObject\",\"inLanguage\":\"pt-PT\",\"@id\":\"https:\\\/\\\/healthandbeautylab.eu\\\/services\\\/#primaryimage\",\"url\":\"https:\\\/\\\/healthandbeautylab.eu\\\/wp-content\\\/uploads\\\/2025\\\/12\\\/health-and-beauty-lab-banner.jpg\",\"contentUrl\":\"https:\\\/\\\/healthandbeautylab.eu\\\/wp-content\\\/uploads\\\/2025\\\/12\\\/health-and-beauty-lab-banner.jpg\",\"width\":1920,\"height\":1042},{\"@type\":\"BreadcrumbList\",\"@id\":\"https:\\\/\\\/healthandbeautylab.eu\\\/services\\\/#breadcrumb\",\"itemListElement\":[{\"@type\":\"ListItem\",\"position\":1,\"name\":\"Home\",\"item\":\"https:\\\/\\\/healthandbeautylab.eu\\\/\"},{\"@type\":\"ListItem\",\"position\":2,\"name\":\"Services\"}]},{\"@type\":\"WebSite\",\"@id\":\"https:\\\/\\\/healthandbeautylab.eu\\\/#website\",\"url\":\"https:\\\/\\\/healthandbeautylab.eu\\\/\",\"name\":\"Health &amp; Beauty Lab\",\"description\":\"Osteopathy, Pain Relief &amp; Botox\",\"potentialAction\":[{\"@type\":\"SearchAction\",\"target\":{\"@type\":\"EntryPoint\",\"urlTemplate\":\"https:\\\/\\\/healthandbeautylab.eu\\\/?s={search_term_string}\"},\"query-input\":{\"@type\":\"PropertyValueSpecification\",\"valueRequired\":true,\"valueName\":\"search_term_string\"}}],\"inLanguage\":\"pt-PT\"}]}<\/script>\n<!-- \/ Yoast SEO plugin. -->","yoast_head_json":{"title":"Tratamentos em Londres | Health &amp; Beauty Lab","description":"Explore os tratamentos est\u00e9ticos n\u00e3o-cir\u00fargicos em Londres: injec\u00e7\u00f5es antirrugas, preenchimentos d\u00e9rmicos, refor\u00e7os cut\u00e2neos, osteopatia e muito mais. Reservar online.","robots":{"index":"index","follow":"follow","max-snippet":"max-snippet:-1","max-image-preview":"max-image-preview:large","max-video-preview":"max-video-preview:-1"},"canonical":"https:\/\/healthandbeautylab.eu\/pt\/servicos\/","og_locale":"pt_PT","og_type":"article","og_title":"Treatments in London | Health & Beauty Lab","og_description":"Explore non-surgical aesthetic treatments in London: anti-wrinkle injections, dermal fillers, skin boosters, osteopathy and more. Book online.","og_url":"https:\/\/healthandbeautylab.eu\/pt\/servicos\/","og_site_name":"Health &amp; Beauty Lab","article_modified_time":"2026-03-31T16:35:57+00:00","og_image":[{"width":1920,"height":1042,"url":"https:\/\/healthandbeautylab.eu\/wp-content\/uploads\/2025\/12\/health-and-beauty-lab-banner.jpg","type":"image\/jpeg"}],"twitter_card":"summary_large_image","twitter_misc":{"Tempo estimado de leitura":"1 minuto"},"schema":{"@context":"https:\/\/schema.org","@graph":[{"@type":"WebPage","@id":"https:\/\/healthandbeautylab.eu\/services\/","url":"https:\/\/healthandbeautylab.eu\/services\/","name":"Tratamentos em Londres | Health &amp; Beauty Lab","isPartOf":{"@id":"https:\/\/healthandbeautylab.eu\/#website"},"primaryImageOfPage":{"@id":"https:\/\/healthandbeautylab.eu\/services\/#primaryimage"},"image":{"@id":"https:\/\/healthandbeautylab.eu\/services\/#primaryimage"},"thumbnailUrl":"https:\/\/healthandbeautylab.eu\/wp-content\/uploads\/2025\/12\/health-and-beauty-lab-banner.jpg","datePublished":"2024-02-12T13:31:26+00:00","dateModified":"2026-03-31T16:35:57+00:00","description":"Explore os tratamentos est\u00e9ticos n\u00e3o-cir\u00fargicos em Londres: injec\u00e7\u00f5es antirrugas, preenchimentos d\u00e9rmicos, refor\u00e7os cut\u00e2neos, osteopatia e muito mais. Reservar online.","breadcrumb":{"@id":"https:\/\/healthandbeautylab.eu\/services\/#breadcrumb"},"inLanguage":"pt-PT","potentialAction":[{"@type":"ReadAction","target":["https:\/\/healthandbeautylab.eu\/services\/"]}]},{"@type":"ImageObject","inLanguage":"pt-PT","@id":"https:\/\/healthandbeautylab.eu\/services\/#primaryimage","url":"https:\/\/healthandbeautylab.eu\/wp-content\/uploads\/2025\/12\/health-and-beauty-lab-banner.jpg","contentUrl":"https:\/\/healthandbeautylab.eu\/wp-content\/uploads\/2025\/12\/health-and-beauty-lab-banner.jpg","width":1920,"height":1042},{"@type":"BreadcrumbList","@id":"https:\/\/healthandbeautylab.eu\/services\/#breadcrumb","itemListElement":[{"@type":"ListItem","position":1,"name":"Home","item":"https:\/\/healthandbeautylab.eu\/"},{"@type":"ListItem","position":2,"name":"Services"}]},{"@type":"WebSite","@id":"https:\/\/healthandbeautylab.eu\/#website","url":"https:\/\/healthandbeautylab.eu\/","name":"Laborat\u00f3rio de sa\u00fade e beleza","description":"Osteopatia, al\u00edvio da dor e Botox","potentialAction":[{"@type":"SearchAction","target":{"@type":"EntryPoint","urlTemplate":"https:\/\/healthandbeautylab.eu\/?s={search_term_string}"},"query-input":{"@type":"PropertyValueSpecification","valueRequired":true,"valueName":"search_term_string"}}],"inLanguage":"pt-PT"}]}},"_links":{"self":[{"href":"https:\/\/healthandbeautylab.eu\/pt\/wp-json\/wp\/v2\/pages\/29136","targetHints":{"allow":["GET"]}}],"collection":[{"href":"https:\/\/healthandbeautylab.eu\/pt\/wp-json\/wp\/v2\/pages"}],"about":[{"href":"https:\/\/healthandbeautylab.eu\/pt\/wp-json\/wp\/v2\/types\/page"}],"author":[{"embeddable":true,"href":"https:\/\/healthandbeautylab.eu\/pt\/wp-json\/wp\/v2\/users\/1"}],"replies":[{"embeddable":true,"href":"https:\/\/healthandbeautylab.eu\/pt\/wp-json\/wp\/v2\/comments?post=29136"}],"version-history":[{"count":9,"href":"https:\/\/healthandbeautylab.eu\/pt\/wp-json\/wp\/v2\/pages\/29136\/revisions"}],"predecessor-version":[{"id":33649,"href":"https:\/\/healthandbeautylab.eu\/pt\/wp-json\/wp\/v2\/pages\/29136\/revisions\/33649"}],"wp:featuredmedia":[{"embeddable":true,"href":"https:\/\/healthandbeautylab.eu\/pt\/wp-json\/wp\/v2\/media\/32607"}],"wp:attachment":[{"href":"https:\/\/healthandbeautylab.eu\/pt\/wp-json\/wp\/v2\/media?parent=29136"}],"curies":[{"name":"wp","href":"https:\/\/api.w.org\/{rel}","templated":true}]}}