{"id":29471,"date":"2024-01-19T10:04:09","date_gmt":"2024-01-19T10:04:09","guid":{"rendered":"https:\/\/theme-dev.cmsmasters.net\/dental\/?post_type=product&#038;p=28721"},"modified":"2025-12-16T08:40:58","modified_gmt":"2025-12-16T08:40:58","slug":"resurfacing-glow-toner","status":"publish","type":"product","link":"https:\/\/healthandbeautylab.eu\/fr\/product\/resurfacing-glow-toner\/","title":{"rendered":"Resurfacing Glow Toner"},"content":{"rendered":"<p>The Big Oxmox advised her not to do so, because there were thousands of bad Commas, wild Question Marks and devious Semikoli, but the Little Blind Text didn\u2019t listen. She packed her seven versalia, put her initial into the belt and made herself on the way. When she reached the first hills of the Italic Mountains, she had a last view back on the skyline of her hometown Bookmarksgrove, the headline of Alphabet Village and the subline of her own road, the Line Lane.<\/p>\n<p>Pityful a rethoric question ran over her cheek, then she continued her way. On her way she met a copy. The copy warned the Little Blind Text, that where it came from it would have been rewritten a thousand times and everything that was left from its origin would be the word &#8220;and&#8221; and the Little Blind Text should turn around and return to its own, safe country.<\/p>","protected":false},"excerpt":{"rendered":"<p>This device is used as an additional hygiene aid to maintain ideal cleanliness of the oral cavity and recommendations for the cleansing of the oral cavity. It allows you to delicately and quickly clean the spaces between your teeth and other critically accessible areas that are simply not accessible to a toothbrush.<\/p>","protected":false},"featured_media":29552,"comment_status":"open","ping_status":"closed","template":"","meta":{"_acf_changed":false},"product_brand":[],"product_cat":[57],"product_tag":[37,43,45],"class_list":{"0":"post-29471","1":"product","2":"type-product","3":"status-publish","4":"has-post-thumbnail","6":"product_cat-toner","7":"product_tag-beauty","8":"product_tag-cosmetology","9":"product_tag-dermatology","11":"first","12":"instock","13":"sale","14":"shipping-taxable","15":"purchasable","16":"product-type-simple"},"acf":[],"yoast_head":"<!-- This site is optimized with the Yoast SEO plugin v27.3 - https:\/\/yoast.com\/product\/yoast-seo-wordpress\/ -->\n<title>Resurfacing Glow Toner - Health &amp; Beauty Lab<\/title>\n<meta name=\"robots\" content=\"index, follow, max-snippet:-1, max-image-preview:large, max-video-preview:-1\" \/>\n<link rel=\"canonical\" href=\"https:\/\/healthandbeautylab.eu\/fr\/produit\/resurfacing-glow-toner\/\" \/>\n<meta property=\"og:locale\" content=\"fr_FR\" \/>\n<meta property=\"og:type\" content=\"article\" \/>\n<meta property=\"og:title\" content=\"Resurfacing Glow Toner - Health &amp; Beauty Lab\" \/>\n<meta property=\"og:description\" content=\"This device is used as an additional hygiene aid to maintain ideal cleanliness of the oral cavity and recommendations for the cleansing of the oral cavity. It allows you to delicately and quickly clean the spaces between your teeth and other critically accessible areas that are simply not accessible to a toothbrush.\" \/>\n<meta property=\"og:url\" content=\"https:\/\/healthandbeautylab.eu\/fr\/produit\/resurfacing-glow-toner\/\" \/>\n<meta property=\"og:site_name\" content=\"Health &amp; Beauty Lab\" \/>\n<meta property=\"article:modified_time\" content=\"2025-12-16T08:40:58+00:00\" \/>\n<meta property=\"og:image\" content=\"https:\/\/healthandbeautylab.eu\/wp-content\/uploads\/2024\/01\/shop-1.webp\" \/>\n\t<meta property=\"og:image:width\" content=\"1024\" \/>\n\t<meta property=\"og:image:height\" content=\"1024\" \/>\n\t<meta property=\"og:image:type\" content=\"image\/webp\" \/>\n<meta name=\"twitter:card\" content=\"summary_large_image\" \/>\n<meta name=\"twitter:label1\" content=\"Dur\u00e9e de lecture estim\u00e9e\" \/>\n\t<meta name=\"twitter:data1\" content=\"1 minute\" \/>\n<script type=\"application\/ld+json\" class=\"yoast-schema-graph\">{\"@context\":\"https:\\\/\\\/schema.org\",\"@graph\":[{\"@type\":\"WebPage\",\"@id\":\"https:\\\/\\\/healthandbeautylab.eu\\\/product\\\/resurfacing-glow-toner\\\/\",\"url\":\"https:\\\/\\\/healthandbeautylab.eu\\\/product\\\/resurfacing-glow-toner\\\/\",\"name\":\"Resurfacing Glow Toner - Health &amp; Beauty Lab\",\"isPartOf\":{\"@id\":\"https:\\\/\\\/healthandbeautylab.eu\\\/#website\"},\"primaryImageOfPage\":{\"@id\":\"https:\\\/\\\/healthandbeautylab.eu\\\/product\\\/resurfacing-glow-toner\\\/#primaryimage\"},\"image\":{\"@id\":\"https:\\\/\\\/healthandbeautylab.eu\\\/product\\\/resurfacing-glow-toner\\\/#primaryimage\"},\"thumbnailUrl\":\"https:\\\/\\\/healthandbeautylab.eu\\\/wp-content\\\/uploads\\\/2024\\\/01\\\/shop-1.webp\",\"datePublished\":\"2024-01-19T10:04:09+00:00\",\"dateModified\":\"2025-12-16T08:40:58+00:00\",\"breadcrumb\":{\"@id\":\"https:\\\/\\\/healthandbeautylab.eu\\\/product\\\/resurfacing-glow-toner\\\/#breadcrumb\"},\"inLanguage\":\"fr-FR\",\"potentialAction\":[{\"@type\":\"ReadAction\",\"target\":[\"https:\\\/\\\/healthandbeautylab.eu\\\/product\\\/resurfacing-glow-toner\\\/\"]}]},{\"@type\":\"ImageObject\",\"inLanguage\":\"fr-FR\",\"@id\":\"https:\\\/\\\/healthandbeautylab.eu\\\/product\\\/resurfacing-glow-toner\\\/#primaryimage\",\"url\":\"https:\\\/\\\/healthandbeautylab.eu\\\/wp-content\\\/uploads\\\/2024\\\/01\\\/shop-1.webp\",\"contentUrl\":\"https:\\\/\\\/healthandbeautylab.eu\\\/wp-content\\\/uploads\\\/2024\\\/01\\\/shop-1.webp\",\"width\":1024,\"height\":1024},{\"@type\":\"BreadcrumbList\",\"@id\":\"https:\\\/\\\/healthandbeautylab.eu\\\/product\\\/resurfacing-glow-toner\\\/#breadcrumb\",\"itemListElement\":[{\"@type\":\"ListItem\",\"position\":1,\"name\":\"Home\",\"item\":\"https:\\\/\\\/healthandbeautylab.eu\\\/\"},{\"@type\":\"ListItem\",\"position\":2,\"name\":\"Shop\",\"item\":\"https:\\\/\\\/healthandbeautylab.eu\\\/shop\\\/\"},{\"@type\":\"ListItem\",\"position\":3,\"name\":\"Resurfacing Glow Toner\"}]},{\"@type\":\"WebSite\",\"@id\":\"https:\\\/\\\/healthandbeautylab.eu\\\/#website\",\"url\":\"https:\\\/\\\/healthandbeautylab.eu\\\/\",\"name\":\"Health &amp; Beauty Lab\",\"description\":\"Osteopathy, Pain Relief &amp; Botox\",\"potentialAction\":[{\"@type\":\"SearchAction\",\"target\":{\"@type\":\"EntryPoint\",\"urlTemplate\":\"https:\\\/\\\/healthandbeautylab.eu\\\/?s={search_term_string}\"},\"query-input\":{\"@type\":\"PropertyValueSpecification\",\"valueRequired\":true,\"valueName\":\"search_term_string\"}}],\"inLanguage\":\"fr-FR\"}]}<\/script>\n<!-- \/ Yoast SEO plugin. -->","yoast_head_json":{"title":"Resurfacing Glow Toner - Health &amp; Beauty Lab","robots":{"index":"index","follow":"follow","max-snippet":"max-snippet:-1","max-image-preview":"max-image-preview:large","max-video-preview":"max-video-preview:-1"},"canonical":"https:\/\/healthandbeautylab.eu\/fr\/produit\/resurfacing-glow-toner\/","og_locale":"fr_FR","og_type":"article","og_title":"Resurfacing Glow Toner - Health &amp; Beauty Lab","og_description":"This device is used as an additional hygiene aid to maintain ideal cleanliness of the oral cavity and recommendations for the cleansing of the oral cavity. It allows you to delicately and quickly clean the spaces between your teeth and other critically accessible areas that are simply not accessible to a toothbrush.","og_url":"https:\/\/healthandbeautylab.eu\/fr\/produit\/resurfacing-glow-toner\/","og_site_name":"Health &amp; Beauty Lab","article_modified_time":"2025-12-16T08:40:58+00:00","og_image":[{"width":1024,"height":1024,"url":"https:\/\/healthandbeautylab.eu\/wp-content\/uploads\/2024\/01\/shop-1.webp","type":"image\/webp"}],"twitter_card":"summary_large_image","twitter_misc":{"Dur\u00e9e de lecture estim\u00e9e":"1 minute"},"schema":{"@context":"https:\/\/schema.org","@graph":[{"@type":"WebPage","@id":"https:\/\/healthandbeautylab.eu\/product\/resurfacing-glow-toner\/","url":"https:\/\/healthandbeautylab.eu\/product\/resurfacing-glow-toner\/","name":"Resurfacing Glow Toner - Health &amp; Beauty Lab","isPartOf":{"@id":"https:\/\/healthandbeautylab.eu\/#website"},"primaryImageOfPage":{"@id":"https:\/\/healthandbeautylab.eu\/product\/resurfacing-glow-toner\/#primaryimage"},"image":{"@id":"https:\/\/healthandbeautylab.eu\/product\/resurfacing-glow-toner\/#primaryimage"},"thumbnailUrl":"https:\/\/healthandbeautylab.eu\/wp-content\/uploads\/2024\/01\/shop-1.webp","datePublished":"2024-01-19T10:04:09+00:00","dateModified":"2025-12-16T08:40:58+00:00","breadcrumb":{"@id":"https:\/\/healthandbeautylab.eu\/product\/resurfacing-glow-toner\/#breadcrumb"},"inLanguage":"fr-FR","potentialAction":[{"@type":"ReadAction","target":["https:\/\/healthandbeautylab.eu\/product\/resurfacing-glow-toner\/"]}]},{"@type":"ImageObject","inLanguage":"fr-FR","@id":"https:\/\/healthandbeautylab.eu\/product\/resurfacing-glow-toner\/#primaryimage","url":"https:\/\/healthandbeautylab.eu\/wp-content\/uploads\/2024\/01\/shop-1.webp","contentUrl":"https:\/\/healthandbeautylab.eu\/wp-content\/uploads\/2024\/01\/shop-1.webp","width":1024,"height":1024},{"@type":"BreadcrumbList","@id":"https:\/\/healthandbeautylab.eu\/product\/resurfacing-glow-toner\/#breadcrumb","itemListElement":[{"@type":"ListItem","position":1,"name":"Home","item":"https:\/\/healthandbeautylab.eu\/"},{"@type":"ListItem","position":2,"name":"Shop","item":"https:\/\/healthandbeautylab.eu\/shop\/"},{"@type":"ListItem","position":3,"name":"Resurfacing Glow Toner"}]},{"@type":"WebSite","@id":"https:\/\/healthandbeautylab.eu\/#website","url":"https:\/\/healthandbeautylab.eu\/","name":"Laboratoire de sant\u00e9 et de beaut\u00e9","description":"Ost\u00e9opathie, soulagement de la douleur et Botox","potentialAction":[{"@type":"SearchAction","target":{"@type":"EntryPoint","urlTemplate":"https:\/\/healthandbeautylab.eu\/?s={search_term_string}"},"query-input":{"@type":"PropertyValueSpecification","valueRequired":true,"valueName":"search_term_string"}}],"inLanguage":"fr-FR"}]}},"_links":{"self":[{"href":"https:\/\/healthandbeautylab.eu\/fr\/wp-json\/wp\/v2\/product\/29471","targetHints":{"allow":["GET"]}}],"collection":[{"href":"https:\/\/healthandbeautylab.eu\/fr\/wp-json\/wp\/v2\/product"}],"about":[{"href":"https:\/\/healthandbeautylab.eu\/fr\/wp-json\/wp\/v2\/types\/product"}],"replies":[{"embeddable":true,"href":"https:\/\/healthandbeautylab.eu\/fr\/wp-json\/wp\/v2\/comments?post=29471"}],"version-history":[{"count":0,"href":"https:\/\/healthandbeautylab.eu\/fr\/wp-json\/wp\/v2\/product\/29471\/revisions"}],"wp:featuredmedia":[{"embeddable":true,"href":"https:\/\/healthandbeautylab.eu\/fr\/wp-json\/wp\/v2\/media\/29552"}],"wp:attachment":[{"href":"https:\/\/healthandbeautylab.eu\/fr\/wp-json\/wp\/v2\/media?parent=29471"}],"wp:term":[{"taxonomy":"product_brand","embeddable":true,"href":"https:\/\/healthandbeautylab.eu\/fr\/wp-json\/wp\/v2\/product_brand?post=29471"},{"taxonomy":"product_cat","embeddable":true,"href":"https:\/\/healthandbeautylab.eu\/fr\/wp-json\/wp\/v2\/product_cat?post=29471"},{"taxonomy":"product_tag","embeddable":true,"href":"https:\/\/healthandbeautylab.eu\/fr\/wp-json\/wp\/v2\/product_tag?post=29471"}],"curies":[{"name":"wp","href":"https:\/\/api.w.org\/{rel}","templated":true}]}}